{"id":505,"date":"2025-05-15T14:31:20","date_gmt":"2025-05-15T14:31:20","guid":{"rendered":"https:\/\/mmmomo.com\/wp\/?page_id=505"},"modified":"2026-01-29T12:14:36","modified_gmt":"2026-01-29T12:14:36","slug":"taller-de-stop-motion-presencial-inscripcion","status":"publish","type":"page","link":"https:\/\/mmmomo.com\/wp\/taller-de-stop-motion-presencial-inscripcion\/","title":{"rendered":"Taller de Stop Motion Presencial\/ Inscripci\u00f3n"},"content":{"rendered":"\t\t<div data-elementor-type=\"wp-page\" data-elementor-id=\"505\" class=\"elementor elementor-505\" data-elementor-post-type=\"page\">\n\t\t\t\t<div class=\"elementor-element elementor-element-56f443a e-flex e-con-boxed e-con e-parent\" data-id=\"56f443a\" data-element_type=\"container\" data-e-type=\"container\">\n\t\t\t\t\t<div class=\"e-con-inner\">\n\t\t<div class=\"elementor-element elementor-element-be93208 e-con-full e-flex e-con e-child\" data-id=\"be93208\" data-element_type=\"container\" data-e-type=\"container\">\n\t\t\t\t<div class=\"elementor-element elementor-element-bfc9b95 elementor-widget elementor-widget-heading\" data-id=\"bfc9b95\" data-element_type=\"widget\" data-e-type=\"widget\" data-widget_type=\"heading.default\">\n\t\t\t\t<div class=\"elementor-widget-container\">\n\t\t\t\t\t<h2 class=\"elementor-heading-title elementor-size-default\">Taller de Stop Motion Presencial<\/h2>\t\t\t\t<\/div>\n\t\t\t\t<\/div>\n\t\t\t\t<div class=\"elementor-element elementor-element-4245f48 elementor-widget elementor-widget-heading\" data-id=\"4245f48\" data-element_type=\"widget\" data-e-type=\"widget\" data-widget_type=\"heading.default\">\n\t\t\t\t<div class=\"elementor-widget-container\">\n\t\t\t\t\t<h2 class=\"elementor-heading-title elementor-size-default\">Inscripci\u00f3n<\/h2>\t\t\t\t<\/div>\n\t\t\t\t<\/div>\n\t\t\t\t<\/div>\n\t\t\t\t\t<\/div>\n\t\t\t\t<\/div>\n\t\t<div class=\"elementor-element elementor-element-3d78afb e-flex e-con-boxed e-con e-parent\" data-id=\"3d78afb\" data-element_type=\"container\" data-e-type=\"container\">\n\t\t\t\t\t<div class=\"e-con-inner\">\n\t\t\t\t<div class=\"elementor-element elementor-element-1dc4c4d elementor-widget elementor-widget-heading\" data-id=\"1dc4c4d\" data-element_type=\"widget\" data-e-type=\"widget\" data-widget_type=\"heading.default\">\n\t\t\t\t<div class=\"elementor-widget-container\">\n\t\t\t\t\t<h3 class=\"elementor-heading-title elementor-size-default\">1. Realiza el pago seg\u00fan la modalidad que elijas<\/h3>\t\t\t\t<\/div>\n\t\t\t\t<\/div>\n\t\t\t\t\t<\/div>\n\t\t\t\t<\/div>\n\t\t<div class=\"elementor-element elementor-element-f2077c5 e-grid e-con-boxed e-con e-parent\" data-id=\"f2077c5\" data-element_type=\"container\" data-e-type=\"container\">\n\t\t\t\t\t<div class=\"e-con-inner\">\n\t\t<div class=\"elementor-element elementor-element-19a2727 e-con-full e-flex e-con e-child\" data-id=\"19a2727\" data-element_type=\"container\" data-e-type=\"container\" data-settings=\"{&quot;background_background&quot;:&quot;classic&quot;}\">\n\t\t\t\t<div class=\"elementor-element elementor-element-e100df0 elementor-widget elementor-widget-heading\" data-id=\"e100df0\" data-element_type=\"widget\" data-e-type=\"widget\" data-widget_type=\"heading.default\">\n\t\t\t\t<div class=\"elementor-widget-container\">\n\t\t\t\t\t<h3 class=\"elementor-heading-title elementor-size-default\">Ciclo Completo<br>1'650.000 Pesos (20% de Descuento)<\/h3>\t\t\t\t<\/div>\n\t\t\t\t<\/div>\n\t\t\t\t<div class=\"elementor-element elementor-element-9eaadc0 elementor-widget elementor-widget-html\" data-id=\"9eaadc0\" data-element_type=\"widget\" data-e-type=\"widget\" data-widget_type=\"html.default\">\n\t\t\t\t<div class=\"elementor-widget-container\">\n\t\t\t\t\t<a href=\"https:\/\/biz.payulatam.com\/B0fa07cF4926DFC\"><img decoding=\"async\" src=\"https:\/\/ecommerce.payulatam.com\/img-secure-2015\/boton_pagar_grande.png\"><\/a>\t\t\t\t<\/div>\n\t\t\t\t<\/div>\n\t\t\t\t<\/div>\n\t\t<div class=\"elementor-element elementor-element-102d427 e-con-full e-flex e-con e-child\" data-id=\"102d427\" data-element_type=\"container\" data-e-type=\"container\" data-settings=\"{&quot;background_background&quot;:&quot;classic&quot;}\">\n\t\t\t\t<div class=\"elementor-element elementor-element-4fd243c elementor-widget elementor-widget-heading\" data-id=\"4fd243c\" data-element_type=\"widget\" data-e-type=\"widget\" data-widget_type=\"heading.default\">\n\t\t\t\t<div class=\"elementor-widget-container\">\n\t\t\t\t\t<h3 class=\"elementor-heading-title elementor-size-default\">Un solo m\u00f3dulo<br>690.000 Pesos<\/h3>\t\t\t\t<\/div>\n\t\t\t\t<\/div>\n\t\t\t\t<div class=\"elementor-element elementor-element-dbc39ca elementor-widget elementor-widget-html\" data-id=\"dbc39ca\" data-element_type=\"widget\" data-e-type=\"widget\" data-widget_type=\"html.default\">\n\t\t\t\t<div class=\"elementor-widget-container\">\n\t\t\t\t\t<a href=\"https:\/\/biz.payulatam.com\/B0fa07cAA61680D\"><img decoding=\"async\" src=\"https:\/\/ecommerce.payulatam.com\/img-secure-2015\/boton_pagar_grande.png\"><\/a>\t\t\t\t<\/div>\n\t\t\t\t<\/div>\n\t\t\t\t<\/div>\n\t\t\t\t\t<\/div>\n\t\t\t\t<\/div>\n\t\t<div class=\"elementor-element elementor-element-b89dee4 e-flex e-con-boxed e-con e-parent\" data-id=\"b89dee4\" data-element_type=\"container\" data-e-type=\"container\">\n\t\t\t\t\t<div class=\"e-con-inner\">\n\t\t<div class=\"elementor-element elementor-element-84b61fe e-con-full e-flex e-con e-child\" data-id=\"84b61fe\" data-element_type=\"container\" data-e-type=\"container\">\n\t\t\t\t<div class=\"elementor-element elementor-element-b0e4fa2 elementor-widget elementor-widget-heading\" data-id=\"b0e4fa2\" data-element_type=\"widget\" data-e-type=\"widget\" data-widget_type=\"heading.default\">\n\t\t\t\t<div class=\"elementor-widget-container\">\n\t\t\t\t\t<h3 class=\"elementor-heading-title elementor-size-default\">2. Adjunta tu comprobante en el formulario de inscripci\u00f3n<\/h3>\t\t\t\t<\/div>\n\t\t\t\t<\/div>\n\t\t\t\t<div class=\"elementor-element elementor-element-93f1f6d elementor-align-justify elementor-widget elementor-widget-button\" data-id=\"93f1f6d\" data-element_type=\"widget\" data-e-type=\"widget\" data-widget_type=\"button.default\">\n\t\t\t\t<div class=\"elementor-widget-container\">\n\t\t\t\t\t\t\t\t\t<div class=\"elementor-button-wrapper\">\n\t\t\t\t\t<a class=\"elementor-button elementor-button-link elementor-size-sm\" href=\"https:\/\/mmmomo.com\/wp\/taller-de-stop-motion-presencial-formulario-de-inscripcion\/\" target=\"_blank\">\n\t\t\t\t\t\t<span class=\"elementor-button-content-wrapper\">\n\t\t\t\t\t\t\t\t\t<span class=\"elementor-button-text\">Llena el formulario<\/span>\n\t\t\t\t\t<\/span>\n\t\t\t\t\t<\/a>\n\t\t\t\t<\/div>\n\t\t\t\t\t\t\t\t<\/div>\n\t\t\t\t<\/div>\n\t\t\t\t<\/div>\n\t\t<div class=\"elementor-element elementor-element-211e832 e-con-full e-flex e-con e-child\" data-id=\"211e832\" data-element_type=\"container\" data-e-type=\"container\">\n\t\t\t\t<div class=\"elementor-element elementor-element-c7e5533 elementor-widget elementor-widget-heading\" data-id=\"c7e5533\" data-element_type=\"widget\" data-e-type=\"widget\" data-widget_type=\"heading.default\">\n\t\t\t\t<div class=\"elementor-widget-container\">\n\t\t\t\t\t<h3 class=\"elementor-heading-title elementor-size-default\">3. \u00a1Listo! Ya formas parte del Taller de Stop Motion<\/h3>\t\t\t\t<\/div>\n\t\t\t\t<\/div>\n\t\t\t\t<div class=\"elementor-element elementor-element-4431d66 elementor-widget elementor-widget-text-editor\" data-id=\"4431d66\" data-element_type=\"widget\" data-e-type=\"widget\" data-widget_type=\"text-editor.default\">\n\t\t\t\t<div class=\"elementor-widget-container\">\n\t\t\t\t\t\t\t\t\t<p><em>Uno de nuestros representantes te contactar\u00e1 para darte la bienvenida. <\/em><\/p><p><em>D\u00edas antes del inicio del taller, recibir\u00e1s por correo toda la informaci\u00f3n necesaria para comenzar.<\/em><\/p><p><em>Gracias por confiar en MOMO. Aqu\u00ed empieza tu camino en el Stop Motion!<\/em><\/p>\t\t\t\t\t\t\t\t<\/div>\n\t\t\t\t<\/div>\n\t\t\t\t<\/div>\n\t\t\t\t\t<\/div>\n\t\t\t\t<\/div>\n\t\t<div class=\"elementor-element elementor-element-a91179a e-flex e-con-boxed e-con e-parent\" data-id=\"a91179a\" data-element_type=\"container\" data-e-type=\"container\">\n\t\t\t\t\t<div class=\"e-con-inner\">\n\t\t\t\t<div class=\"elementor-element elementor-element-4e956c9 elementor-widget elementor-widget-theme-site-logo elementor-widget-image\" data-id=\"4e956c9\" data-element_type=\"widget\" data-e-type=\"widget\" data-widget_type=\"theme-site-logo.default\">\n\t\t\t\t<div class=\"elementor-widget-container\">\n\t\t\t\t\t\t\t\t\t\t\t<img decoding=\"async\" width=\"487\" height=\"99\" src=\"https:\/\/mmmomo.com\/wp\/wp-content\/uploads\/2025\/04\/logo.webp\" class=\"attachment-full size-full wp-image-272\" alt=\"\" srcset=\"https:\/\/mmmomo.com\/wp\/wp-content\/uploads\/2025\/04\/logo.webp 487w, https:\/\/mmmomo.com\/wp\/wp-content\/uploads\/2025\/04\/logo-300x61.webp 300w\" sizes=\"(max-width: 487px) 100vw, 487px\" \/>\t\t\t\t\t\t\t\t\t\t\t\t<\/div>\n\t\t\t\t<\/div>\n\t\t\t\t\t<\/div>\n\t\t\t\t<\/div>\n\t\t\t\t<\/div>\n\t\t","protected":false},"excerpt":{"rendered":"<p>Taller de Stop Motion Presencial Inscripci\u00f3n 1. Realiza el pago seg\u00fan la modalidad que elijas Ciclo Completo1&#8217;650.000 Pesos (20% de Descuento) Un solo m\u00f3dulo690.000 Pesos 2. Adjunta tu comprobante en el formulario de inscripci\u00f3n Llena el formulario 3. \u00a1Listo! Ya formas parte del Taller de Stop Motion Uno de nuestros representantes te contactar\u00e1 para darte [&hellip;]<\/p>\n","protected":false},"author":1,"featured_media":0,"parent":0,"menu_order":0,"comment_status":"closed","ping_status":"closed","template":"","meta":{"_acf_changed":false,"footnotes":""},"class_list":["post-505","page","type-page","status-publish","hentry"],"acf":[],"_links":{"self":[{"href":"https:\/\/mmmomo.com\/wp\/wp-json\/wp\/v2\/pages\/505","targetHints":{"allow":["GET"]}}],"collection":[{"href":"https:\/\/mmmomo.com\/wp\/wp-json\/wp\/v2\/pages"}],"about":[{"href":"https:\/\/mmmomo.com\/wp\/wp-json\/wp\/v2\/types\/page"}],"author":[{"embeddable":true,"href":"https:\/\/mmmomo.com\/wp\/wp-json\/wp\/v2\/users\/1"}],"replies":[{"embeddable":true,"href":"https:\/\/mmmomo.com\/wp\/wp-json\/wp\/v2\/comments?post=505"}],"version-history":[{"count":36,"href":"https:\/\/mmmomo.com\/wp\/wp-json\/wp\/v2\/pages\/505\/revisions"}],"predecessor-version":[{"id":1281,"href":"https:\/\/mmmomo.com\/wp\/wp-json\/wp\/v2\/pages\/505\/revisions\/1281"}],"wp:attachment":[{"href":"https:\/\/mmmomo.com\/wp\/wp-json\/wp\/v2\/media?parent=505"}],"curies":[{"name":"wp","href":"https:\/\/api.w.org\/{rel}","templated":true}]}}